{"id":12,"date":"2025-05-22T15:56:19","date_gmt":"2025-05-22T15:56:19","guid":{"rendered":"https:\/\/leguidefinance.fr\/?page_id=12"},"modified":"2025-07-21T15:33:31","modified_gmt":"2025-07-21T15:33:31","slug":"about","status":"publish","type":"page","link":"https:\/\/leguidefinance.fr\/vi\/about\/","title":{"rendered":"V\u1ec1"},"content":{"rendered":"<p><strong>LeGuideFinance l\u00e0 ngu\u1ed3n tham kh\u1ea3o gi\u00fap b\u1ea1n \u0111\u01b0a ra c\u00e1c quy\u1ebft \u0111\u1ecbnh t\u00e0i ch\u00ednh v\u00e0 ngh\u1ec1 nghi\u1ec7p s\u00e1ng su\u1ed1t.<\/strong> Ch\u00fang t\u00f4i cung c\u1ea5p nh\u1eefng l\u1eddi khuy\u00ean \u0111\u01a1n gi\u1ea3n v\u00e0 d\u1ec5 hi\u1ec3u \u0111\u1ec3 gi\u00fap b\u1ea1n qu\u1ea3n l\u00fd ti\u1ec1n b\u1ea1c t\u1ed1t h\u01a1n, gia t\u0103ng ti\u1ebft ki\u1ec7m, x\u00e1c \u0111\u1ecbnh c\u01a1 h\u1ed9i \u0111\u1ea7u t\u01b0 v\u00e0 tr\u00e1nh nh\u1eefng sai l\u1ea7m th\u01b0\u1eddng g\u1eb7p. B\u1ea1n c\u0169ng s\u1ebd t\u00ecm th\u1ea5y nh\u1eefng m\u1eb9o thi\u1ebft th\u1ef1c \u0111\u1ec3 c\u1ea3i thi\u1ec7n cu\u1ed9c s\u1ed1ng ngh\u1ec1 nghi\u1ec7p, t\u00ecm ki\u1ebfm \u00fd t\u01b0\u1edfng c\u00f4ng vi\u1ec7c v\u00e0 n\u1eafm b\u1eaft \u0111\u00fang c\u01a1 h\u1ed9i\u2014t\u1ea5t c\u1ea3 \u0111\u1ec1u kh\u00f4ng d\u00f9ng thu\u1eadt ng\u1eef chuy\u00ean ng\u00e0nh kh\u00f3 hi\u1ec3u.<\/p>\n\n\n\n<p>V\u1edbi qu\u00e1 nhi\u1ec1u th\u00f4ng tin t\u00e0i ch\u00ednh hi\u1ec7n c\u00f3, th\u1eadt d\u1ec5 d\u00e0ng c\u1ea3m th\u1ea5y l\u1ea1c l\u1ed1i. LeGuideFinance \u0111\u01a1n gi\u1ea3n h\u00f3a vi\u1ec7c gi\u00e1o d\u1ee5c t\u00e0i ch\u00ednh v\u00e0 h\u01b0\u1edbng d\u1eabn v\u1ec1 c\u00f4ng vi\u1ec7c, bi\u1ebfn nh\u1eefng ch\u1ee7 \u0111\u1ec1 ph\u1ee9c t\u1ea1p th\u00e0nh l\u1eddi khuy\u00ean thi\u1ebft th\u1ef1c. Khi \u0111\u1eb7t v\u00e9 m\u00e1y bay \u0111\u01b0\u1eddng d\u00e0i, ch\u00fang t\u00f4i h\u01b0\u1edbng \u0111\u1ebfn vi\u1ec7c ki\u1ec3m so\u00e1t t\u00e0i ch\u00ednh c\u1ee7a m\u00ecnh \u1edf m\u1ed7i giai \u0111o\u1ea1n c\u1ee7a h\u00e0nh tr\u00ecnh.<\/p>\n\n\n\n<p>Ch\u00fang t\u00f4i gi\u1edbi thi\u1ec7u c\u00e1c c\u00f4ng c\u1ee5, chi\u1ebfn l\u01b0\u1ee3c v\u00e0 tin t\u1ee9c t\u00e0i ch\u00ednh, nh\u01b0ng h\u00e3y l\u00e0m r\u00f5 m\u1ed9t \u0111i\u1ec1u: <strong>H\u01b0\u1edbng d\u1eabn T\u00e0i ch\u00ednh<\/strong> Ch\u00fang t\u00f4i kh\u00f4ng ph\u1ea3i l\u00e0 ng\u00e2n h\u00e0ng, kh\u00f4ng ph\u1ea3i l\u00e0 c\u1ed1 v\u1ea5n, c\u0169ng kh\u00f4ng ph\u1ea3i l\u00e0 t\u1ed5 ch\u1ee9c t\u00e0i ch\u00ednh. Ch\u00fang t\u00f4i kh\u00f4ng b\u00e1n b\u1ea5t k\u1ef3 s\u1ea3n ph\u1ea9m n\u00e0o \u2014 ch\u00fang t\u00f4i gi\u00fap b\u1ea1n hi\u1ec3u v\u1ec1 ch\u00fang.<\/p>\n\n\n\n<h2 class=\"wp-block-heading\">S\u1ee9 m\u1ec7nh c\u1ee7a ch\u00fang t\u00f4i<\/h2>\n\n\n\n<p><font style=\"vertical-align: inherit\"><font style=\"vertical-align: inherit\">S\u1ee9 m\u1ec7nh c\u1ee7a ch\u00fang t\u00f4i l\u00e0 gi\u00fap m\u1ecdi ng\u01b0\u1eddi l\u1ea5y l\u1ea1i quy\u1ec1n ki\u1ec3m so\u00e1t cu\u1ed9c s\u1ed1ng t\u00e0i ch\u00ednh v\u00e0 s\u1ef1 nghi\u1ec7p c\u1ee7a m\u00ecnh th\u00f4ng qua n\u1ed9i dung h\u1eefu \u00edch, thi\u1ebft th\u1ef1c v\u00e0 th\u1ef1c t\u1ebf.<\/font><\/font><\/p>\n\n\n\n<p>D\u00f9 b\u1ea1n \u0111ang ti\u1ebft ki\u1ec7m cho m\u1ed9t d\u1ef1 \u00e1n, kh\u00e1m ph\u00e1 th\u1ebf gi\u1edbi \u0111\u1ea7u t\u01b0, hay \u0111\u01a1n gi\u1ea3n ch\u1ec9 mu\u1ed1n tho\u00e1t kh\u1ecfi v\u00f2ng xo\u00e1y chi ti\u00eau kh\u00f4ng ng\u1eebng, ch\u00fang t\u00f4i \u0111\u1ec1u cung c\u1ea5p nh\u1eefng ngu\u1ed3n l\u1ef1c \u0111\u00e1ng tin c\u1eady v\u00e0 t\u1ea1o \u0111\u1ed9ng l\u1ef1c. Kh\u00f4ng h\u1ee9a h\u1eb9n vi\u1ec3n v\u00f4ng, kh\u00f4ng qu\u1ea3ng c\u00e1o th\u1ed5i ph\u1ed3ng\u2014ch\u1ec9 c\u00f3 nh\u1eefng c\u00f4ng c\u1ee5 gi\u00fap b\u1ea1n ti\u1ebfn l\u00ean theo t\u1ed1c \u0111\u1ed9 c\u1ee7a ri\u00eang m\u00ecnh.<\/p>\n\n\n\n<h2 class=\"wp-block-heading\">Nh\u1eefng g\u00ec b\u1ea1n s\u1ebd t\u00ecm th\u1ea5y \u1edf \u0111\u00e2y<\/h2>\n\n\n\n<p>Ch\u00fang t\u00f4i t\u1ea1o ra n\u1ed9i dung \u0111\u01b0\u1ee3c thi\u1ebft k\u1ebf \u0111\u1ec3 \u0111\u00e1p \u1ee9ng nhu c\u1ea7u th\u1ef1c t\u1ebf c\u1ee7a m\u1ecdi ng\u01b0\u1eddi ng\u00e0y nay, v\u1edbi ph\u01b0\u01a1ng ph\u00e1p \u0111\u01a1n gi\u1ea3n, c\u00f3 c\u1ea5u tr\u00fac v\u00e0 h\u01b0\u1edbng \u0111\u1ebfn h\u00e0nh \u0111\u1ed9ng:<\/p>\n\n\n\n<h3 class=\"wp-block-heading\">Th\u00f3i quen t\u00e0i ch\u00ednh h\u00e0ng ng\u00e0y<\/h3>\n\n\n\n<p>C\u00e1c ph\u01b0\u01a1ng ph\u00e1p thi\u1ebft th\u1ef1c \u0111\u1ec3 qu\u1ea3n l\u00fd thu nh\u1eadp t\u1ed1t h\u01a1n, h\u1ea1n ch\u1ebf chi ti\u00eau kh\u00f4ng c\u1ea7n thi\u1ebft v\u00e0 h\u00ecnh th\u00e0nh th\u00f3i quen l\u00e0nh m\u1ea1nh h\u00e0ng ng\u00e0y.<\/p>\n\n\n\n<h3 class=\"wp-block-heading\">C\u00e1c chi\u1ebfn l\u01b0\u1ee3c ti\u1ebft ki\u1ec7m hi\u1ec7u qu\u1ea3<\/h3>\n\n\n\n<p>L\u1eddi khuy\u00ean v\u1ec1 c\u00e1ch x\u00e2y d\u1ef1ng qu\u1ef9 d\u1ef1 ph\u00f2ng kh\u1ea9n c\u1ea5p, \u0111\u1ea1t \u0111\u01b0\u1ee3c m\u1ee5c ti\u00eau v\u00e0 h\u00ecnh th\u00e0nh th\u00f3i quen ti\u1ebft ki\u1ec7m th\u01b0\u1eddng xuy\u00ean ngay c\u1ea3 v\u1edbi ng\u00e2n s\u00e1ch h\u1ea1n h\u1eb9p.<\/p>\n\n\n\n<h3 class=\"wp-block-heading\">\u0110\u1ea7u t\u01b0 kh\u00f4ng lo l\u1eafng<\/h3>\n\n\n\n<p>Ch\u00fang t\u00f4i s\u1ebd gi\u1ea3i th\u00edch nh\u1eefng ki\u1ebfn th\u1ee9c c\u01a1 b\u1ea3n v\u1ec1 \u0111\u1ea7u t\u01b0, c\u0169ng nh\u01b0 c\u00e1c chi\u1ebfn l\u01b0\u1ee3c \u0111\u1ec3 gi\u00fap b\u1ea1n gia t\u0103ng ti\u1ec1n b\u1ea1c m\u1ed9t c\u00e1ch d\u1ea7n d\u1ea7n v\u00e0 th\u1eadn tr\u1ecdng.<\/p>\n\n\n\n<h3 class=\"wp-block-heading\">\u0110\u00e1nh gi\u00e1 c\u00e1c s\u1ea3n ph\u1ea9m t\u00e0i ch\u00ednh<\/h3>\n\n\n\n<p>\u0110\u00e1nh gi\u00e1 trung th\u1ef1c v\u00e0 \u0111\u1ed9c l\u1eadp v\u1ec1 c\u00e1c \u1ee9ng d\u1ee5ng ng\u00e2n h\u00e0ng, c\u00f4ng c\u1ee5 qu\u1ea3n l\u00fd ng\u00e2n s\u00e1ch, th\u1ebb ng\u00e2n h\u00e0ng, t\u00e0i kho\u1ea3n ti\u1ebft ki\u1ec7m v\u00e0 n\u1ec1n t\u1ea3ng \u0111\u1ea7u t\u01b0.<\/p>\n\n\n\n<h3 class=\"wp-block-heading\">Xu h\u01b0\u1edbng v\u00e0 tin t\u1ee9c t\u00e0i ch\u00ednh<\/h3>\n\n\n\n<p>Ph\u00e2n t\u00edch r\u00f5 r\u00e0ng v\u1ec1 c\u00e1c s\u1ef1 ki\u1ec7n kinh t\u1ebf hi\u1ec7n t\u1ea1i, nh\u1eefng thay \u0111\u1ed5i ch\u00ednh s\u00e1ch v\u00e0 c\u00e1c c\u00f4ng c\u1ee5 m\u1edbi c\u00f3 th\u1ec3 \u1ea3nh h\u01b0\u1edfng \u0111\u1ebfn c\u00e1c l\u1ef1a ch\u1ecdn t\u00e0i ch\u00ednh c\u1ee7a b\u1ea1n.<\/p>\n\n\n\n<h2 class=\"wp-block-heading\">C\u00e1ch ti\u1ebfp c\u1eadn c\u1ee7a ch\u00fang t\u00f4i<\/h2>\n\n\n\n<p>T\u1ea1i nh\u00e0 c\u1ee7a <strong>H\u01b0\u1edbng d\u1eabn T\u00e0i ch\u00ednh<\/strong>Ch\u00fang t\u00f4i \u0111\u1ec1 cao t\u00ednh \u0111\u1ed9c l\u1eadp v\u00e0 minh b\u1ea1ch. T\u1ea5t c\u1ea3 n\u1ed9i dung c\u1ee7a ch\u00fang t\u00f4i \u0111\u1ec1u do \u0111\u1ed9i ng\u0169 chuy\u00ean gia vi\u1ebft v\u00e0 nghi\u00ean c\u1ee9u th\u1ef1c hi\u1ec7n n\u1ed9i b\u1ed9, kh\u00f4ng c\u00f3 li\u00ean k\u1ebft th\u01b0\u01a1ng m\u1ea1i v\u1edbi c\u00e1c th\u01b0\u01a1ng hi\u1ec7u \u0111\u01b0\u1ee3c \u0111\u1ec1 c\u1eadp.<\/p>\n\n\n\n<p>Ch\u00fang t\u00f4i tin r\u1eb1ng gi\u00e1o d\u1ee5c t\u00e0i ch\u00ednh n\u00ean \u0111\u01a1n gi\u1ea3n, d\u1ec5 ti\u1ebfp c\u1eadn v\u00e0 h\u01b0\u1edbng \u0111\u1ebfn vi\u1ec7c trao quy\u1ec1n cho ng\u01b0\u1eddi h\u1ecdc. \u0110\u00f3 l\u00e0 l\u00fd do t\u1ea1i sao ch\u00fang t\u00f4i \u01b0u ti\u00ean s\u1ef1 r\u00f5 r\u00e0ng, t\u00ednh ph\u00f9 h\u1ee3p v\u00e0 t\u00f4n tr\u1ecdng t\u1ed1c \u0111\u1ed9 h\u1ecdc t\u1eadp c\u1ee7a m\u1ecdi ng\u01b0\u1eddi\u2014cho d\u00f9 l\u00e0 ng\u01b0\u1eddi m\u1edbi b\u1eaft \u0111\u1ea7u hay ng\u01b0\u1eddi c\u00f3 kinh nghi\u1ec7m.<\/p>\n\n\n\n<p>M\u1ee5c ti\u00eau c\u1ee7a ch\u00fang t\u00f4i kh\u00f4ng ph\u1ea3i l\u00e0 b\u00e1n h\u00e0ng. M\u1ee5c ti\u00eau l\u00e0 gi\u00fap b\u1ea1n hi\u1ec3u r\u00f5 h\u01a1n c\u00e1c l\u1ef1a ch\u1ecdn c\u1ee7a m\u00ecnh, \u0111\u1eb7t ra nh\u1eefng c\u00e2u h\u1ecfi \u0111\u00fang \u0111\u1eafn v\u00e0 x\u00e2y d\u1ef1ng m\u1ed9t t\u01b0\u01a1ng lai t\u00e0i ch\u00ednh v\u1eefng ch\u1eafc, t\u1eebng b\u01b0\u1edbc m\u1ed9t.<\/p>","protected":false},"excerpt":{"rendered":"<p>LeGuideFinance l\u00e0 ngu\u1ed3n th\u00f4ng tin \u0111\u00e1ng tin c\u1eady gi\u00fap b\u1ea1n \u0111\u01b0a ra c\u00e1c quy\u1ebft \u0111\u1ecbnh t\u00e0i ch\u00ednh v\u00e0 ngh\u1ec1 nghi\u1ec7p s\u00e1ng su\u1ed1t. Ch\u00fang t\u00f4i cung c\u1ea5p nh\u1eefng l\u1eddi khuy\u00ean \u0111\u01a1n gi\u1ea3n v\u00e0 d\u1ec5 hi\u1ec3u [\u2026]<\/p>","protected":false},"author":29,"featured_media":0,"parent":0,"menu_order":0,"comment_status":"closed","ping_status":"closed","template":"","meta":{"_uag_custom_page_level_css":"","site-sidebar-layout":"default","site-content-layout":"","ast-site-content-layout":"default","site-content-style":"default","site-sidebar-style":"default","ast-global-header-display":"","ast-banner-title-visibility":"","ast-main-header-display":"","ast-hfb-above-header-display":"","ast-hfb-below-header-display":"","ast-hfb-mobile-header-display":"","site-post-title":"","ast-breadcrumbs-content":"","ast-featured-img":"","footer-sml-layout":"","theme-transparent-header-meta":"","adv-header-id-meta":"","stick-header-meta":"","header-above-stick-meta":"","header-main-stick-meta":"","header-below-stick-meta":"","astra-migrate-meta-layouts":"set","ast-page-background-enabled":"default","ast-page-background-meta":{"desktop":{"background-color":"var(--ast-global-color-4)","background-image":"","background-repeat":"repeat","background-position":"center center","background-size":"auto","background-attachment":"scroll","background-type":"","background-media":"","overlay-type":"","overlay-color":"","overlay-opacity":"","overlay-gradient":""},"tablet":{"background-color":"","background-image":"","background-repeat":"repeat","background-position":"center center","background-size":"auto","background-attachment":"scroll","background-type":"","background-media":"","overlay-type":"","overlay-color":"","overlay-opacity":"","overlay-gradient":""},"mobile":{"background-color":"","background-image":"","background-repeat":"repeat","background-position":"center center","background-size":"auto","background-attachment":"scroll","background-type":"","background-media":"","overlay-type":"","overlay-color":"","overlay-opacity":"","overlay-gradient":""}},"ast-content-background-meta":{"desktop":{"background-color":"var(--ast-global-color-5)","background-image":"","background-repeat":"repeat","background-position":"center center","background-size":"auto","background-attachment":"scroll","background-type":"","background-media":"","overlay-type":"","overlay-color":"","overlay-opacity":"","overlay-gradient":""},"tablet":{"background-color":"var(--ast-global-color-5)","background-image":"","background-repeat":"repeat","background-position":"center center","background-size":"auto","background-attachment":"scroll","background-type":"","background-media":"","overlay-type":"","overlay-color":"","overlay-opacity":"","overlay-gradient":""},"mobile":{"background-color":"var(--ast-global-color-5)","background-image":"","background-repeat":"repeat","background-position":"center center","background-size":"auto","background-attachment":"scroll","background-type":"","background-media":"","overlay-type":"","overlay-color":"","overlay-opacity":"","overlay-gradient":""}},"footnotes":""},"yoast_head":"<!-- This site is optimized with the Yoast SEO plugin v23.3 - https:\/\/yoast.com\/wordpress\/plugins\/seo\/ -->\n<title>\u00c0 propos - LeGuideFinance<\/title>\n<meta name=\"robots\" content=\"index, follow, max-snippet:-1, max-image-preview:large, max-video-preview:-1\" \/>\n<link rel=\"canonical\" href=\"https:\/\/leguidefinance.fr\/vi\/about\/\" \/>\n<meta property=\"og:locale\" content=\"vi_VN\" \/>\n<meta property=\"og:type\" content=\"article\" \/>\n<meta property=\"og:title\" content=\"\u00c0 propos - LeGuideFinance\" \/>\n<meta property=\"og:description\" content=\"LeGuideFinance est votre r\u00e9f\u00e9rence pour prendre des d\u00e9cisions financi\u00e8res et professionnelles \u00e9clair\u00e9es. Nous vous proposons des conseils simples et accessibles [&hellip;]\" \/>\n<meta property=\"og:url\" content=\"https:\/\/leguidefinance.fr\/vi\/about\/\" \/>\n<meta property=\"og:site_name\" content=\"LeGuideFinance\" \/>\n<meta property=\"article:modified_time\" content=\"2025-07-21T15:33:31+00:00\" \/>\n<meta name=\"twitter:card\" content=\"summary_large_image\" \/>\n<meta name=\"twitter:label1\" content=\"Est. reading time\" \/>\n\t<meta name=\"twitter:data1\" content=\"3 ph\u00fat\" \/>\n<script type=\"application\/ld+json\" class=\"yoast-schema-graph\">{\"@context\":\"https:\/\/schema.org\",\"@graph\":[{\"@type\":\"WebPage\",\"@id\":\"https:\/\/leguidefinance.fr\/about\/\",\"url\":\"https:\/\/leguidefinance.fr\/about\/\",\"name\":\"\u00c0 propos - LeGuideFinance\",\"isPartOf\":{\"@id\":\"https:\/\/leguidefinance.fr\/#website\"},\"datePublished\":\"2025-05-22T15:56:19+00:00\",\"dateModified\":\"2025-07-21T15:33:31+00:00\",\"breadcrumb\":{\"@id\":\"https:\/\/leguidefinance.fr\/about\/#breadcrumb\"},\"inLanguage\":\"vi\",\"potentialAction\":[{\"@type\":\"ReadAction\",\"target\":[\"https:\/\/leguidefinance.fr\/about\/\"]}]},{\"@type\":\"BreadcrumbList\",\"@id\":\"https:\/\/leguidefinance.fr\/about\/#breadcrumb\",\"itemListElement\":[{\"@type\":\"ListItem\",\"position\":1,\"name\":\"Home\",\"item\":\"https:\/\/leguidefinance.fr\/\"},{\"@type\":\"ListItem\",\"position\":2,\"name\":\"\u00c0 propos\"}]},{\"@type\":\"WebSite\",\"@id\":\"https:\/\/leguidefinance.fr\/#website\",\"url\":\"https:\/\/leguidefinance.fr\/\",\"name\":\"LeGuideFinance\",\"description\":\"Comprendre. G\u00e9rer. Avancer.\",\"publisher\":{\"@id\":\"https:\/\/leguidefinance.fr\/#organization\"},\"potentialAction\":[{\"@type\":\"SearchAction\",\"target\":{\"@type\":\"EntryPoint\",\"urlTemplate\":\"https:\/\/leguidefinance.fr\/?s={search_term_string}\"},\"query-input\":\"required name=search_term_string\"}],\"inLanguage\":\"vi\"},{\"@type\":\"Organization\",\"@id\":\"https:\/\/leguidefinance.fr\/#organization\",\"name\":\"LeGuideFinance\",\"url\":\"https:\/\/leguidefinance.fr\/\",\"logo\":{\"@type\":\"ImageObject\",\"inLanguage\":\"vi\",\"@id\":\"https:\/\/leguidefinance.fr\/#\/schema\/logo\/image\/\",\"url\":\"https:\/\/leguidefinance.fr\/wp-content\/uploads\/sites\/279\/2025\/05\/Captura-de-tela-2025-05-22-182333.png\",\"contentUrl\":\"https:\/\/leguidefinance.fr\/wp-content\/uploads\/sites\/279\/2025\/05\/Captura-de-tela-2025-05-22-182333.png\",\"width\":320,\"height\":214,\"caption\":\"LeGuideFinance\"},\"image\":{\"@id\":\"https:\/\/leguidefinance.fr\/#\/schema\/logo\/image\/\"}}]}<\/script>\n<!-- \/ Yoast SEO plugin. -->","yoast_head_json":{"title":"\u00c0 propos - LeGuideFinance","robots":{"index":"index","follow":"follow","max-snippet":"max-snippet:-1","max-image-preview":"max-image-preview:large","max-video-preview":"max-video-preview:-1"},"canonical":"https:\/\/leguidefinance.fr\/vi\/about\/","og_locale":"vi_VN","og_type":"article","og_title":"\u00c0 propos - LeGuideFinance","og_description":"LeGuideFinance est votre r\u00e9f\u00e9rence pour prendre des d\u00e9cisions financi\u00e8res et professionnelles \u00e9clair\u00e9es. Nous vous proposons des conseils simples et accessibles [&hellip;]","og_url":"https:\/\/leguidefinance.fr\/vi\/about\/","og_site_name":"LeGuideFinance","article_modified_time":"2025-07-21T15:33:31+00:00","twitter_card":"summary_large_image","twitter_misc":{"Est. reading time":"3 ph\u00fat"},"schema":{"@context":"https:\/\/schema.org","@graph":[{"@type":"WebPage","@id":"https:\/\/leguidefinance.fr\/about\/","url":"https:\/\/leguidefinance.fr\/about\/","name":"\u00c0 propos - LeGuideFinance","isPartOf":{"@id":"https:\/\/leguidefinance.fr\/#website"},"datePublished":"2025-05-22T15:56:19+00:00","dateModified":"2025-07-21T15:33:31+00:00","breadcrumb":{"@id":"https:\/\/leguidefinance.fr\/about\/#breadcrumb"},"inLanguage":"vi","potentialAction":[{"@type":"ReadAction","target":["https:\/\/leguidefinance.fr\/about\/"]}]},{"@type":"BreadcrumbList","@id":"https:\/\/leguidefinance.fr\/about\/#breadcrumb","itemListElement":[{"@type":"ListItem","position":1,"name":"Home","item":"https:\/\/leguidefinance.fr\/"},{"@type":"ListItem","position":2,"name":"\u00c0 propos"}]},{"@type":"WebSite","@id":"https:\/\/leguidefinance.fr\/#website","url":"https:\/\/leguidefinance.fr\/","name":"LeGuideFinance","description":"Comprendre. G\u00e9rer. Avancer.","publisher":{"@id":"https:\/\/leguidefinance.fr\/#organization"},"potentialAction":[{"@type":"SearchAction","target":{"@type":"EntryPoint","urlTemplate":"https:\/\/leguidefinance.fr\/?s={search_term_string}"},"query-input":"required name=search_term_string"}],"inLanguage":"vi"},{"@type":"Organization","@id":"https:\/\/leguidefinance.fr\/#organization","name":"LeGuideFinance","url":"https:\/\/leguidefinance.fr\/","logo":{"@type":"ImageObject","inLanguage":"vi","@id":"https:\/\/leguidefinance.fr\/#\/schema\/logo\/image\/","url":"https:\/\/leguidefinance.fr\/wp-content\/uploads\/sites\/279\/2025\/05\/Captura-de-tela-2025-05-22-182333.png","contentUrl":"https:\/\/leguidefinance.fr\/wp-content\/uploads\/sites\/279\/2025\/05\/Captura-de-tela-2025-05-22-182333.png","width":320,"height":214,"caption":"LeGuideFinance"},"image":{"@id":"https:\/\/leguidefinance.fr\/#\/schema\/logo\/image\/"}}]}},"uagb_featured_image_src":{"full":false,"thumbnail":false,"medium":false,"medium_large":false,"large":false,"1536x1536":false,"2048x2048":false,"trp-custom-language-flag":false},"uagb_author_info":{"display_name":"Beatriz Vieira","author_link":"https:\/\/leguidefinance.fr\/vi\/author\/beatrizvieirasilva0504\/"},"uagb_comment_info":0,"uagb_excerpt":"LeGuideFinance est votre r\u00e9f\u00e9rence pour prendre des d\u00e9cisions financi\u00e8res et professionnelles \u00e9clair\u00e9es. Nous vous proposons des conseils simples et accessibles [&hellip;]","_links":{"self":[{"href":"https:\/\/leguidefinance.fr\/vi\/wp-json\/wp\/v2\/pages\/12"}],"collection":[{"href":"https:\/\/leguidefinance.fr\/vi\/wp-json\/wp\/v2\/pages"}],"about":[{"href":"https:\/\/leguidefinance.fr\/vi\/wp-json\/wp\/v2\/types\/page"}],"author":[{"embeddable":true,"href":"https:\/\/leguidefinance.fr\/vi\/wp-json\/wp\/v2\/users\/29"}],"replies":[{"embeddable":true,"href":"https:\/\/leguidefinance.fr\/vi\/wp-json\/wp\/v2\/comments?post=12"}],"version-history":[{"count":4,"href":"https:\/\/leguidefinance.fr\/vi\/wp-json\/wp\/v2\/pages\/12\/revisions"}],"predecessor-version":[{"id":688,"href":"https:\/\/leguidefinance.fr\/vi\/wp-json\/wp\/v2\/pages\/12\/revisions\/688"}],"wp:attachment":[{"href":"https:\/\/leguidefinance.fr\/vi\/wp-json\/wp\/v2\/media?parent=12"}],"curies":[{"name":"wp","href":"https:\/\/api.w.org\/{rel}","templated":true}]}}