{"id":12,"date":"2025-05-22T15:56:19","date_gmt":"2025-05-22T15:56:19","guid":{"rendered":"https:\/\/leguidefinance.fr\/?page_id=12"},"modified":"2025-07-21T15:33:31","modified_gmt":"2025-07-21T15:33:31","slug":"about","status":"publish","type":"page","link":"https:\/\/leguidefinance.fr\/ro\/about\/","title":{"rendered":"Despre"},"content":{"rendered":"<p><strong>LeGuideFinance este referin\u021ba dumneavoastr\u0103 pentru luarea unor decizii financiare \u0219i profesionale informate.<\/strong> Oferim sfaturi simple \u0219i accesibile pentru a v\u0103 ajuta s\u0103 v\u0103 gestiona\u021bi mai bine banii, s\u0103 v\u0103 m\u0103ri\u021bi economiile, s\u0103 identifica\u021bi oportunit\u0103\u021bi de investi\u021bii \u0219i s\u0103 evita\u021bi gre\u0219elile comune. Ve\u021bi g\u0103si, de asemenea, sfaturi practice pentru a v\u0103 \u00eembun\u0103t\u0103\u021bi via\u021ba profesional\u0103, a g\u0103si idei de munc\u0103 \u0219i a profita de oportunit\u0103\u021bile potrivite - toate acestea f\u0103r\u0103 jargon inutil.<\/p>\n\n\n\n<p>Cu at\u00e2t de multe informa\u021bii financiare disponibile, este u\u0219or s\u0103 te sim\u021bi pierdut. LeGuideFinance simplific\u0103 educa\u021bia financiar\u0103 \u0219i predarea despre munc\u0103, transform\u00e2nd subiecte complexe \u00een sfaturi practice. Atunci c\u00e2nd comand\u0103m un avion lung, ne propunem s\u0103 revenim la controlul asupra finan\u021belor noastre \u00een fiecare etap\u0103 a c\u0103l\u0103toriei.<\/p>\n\n\n\n<p>Prezent\u0103m instrumente, strategii \u0219i \u0219tiri financiare, dar s\u0103 clarific\u0103m un lucru: <strong>Ghidul Financiar<\/strong> Nu suntem nici banc\u0103, nici consultant, nici institu\u021bie financiar\u0103. Nu vindem niciun produs \u2014 te ajut\u0103m s\u0103 le \u00een\u021belegi.<\/p>\n\n\n\n<h2 class=\"wp-block-heading\">Misiunea noastr\u0103<\/h2>\n\n\n\n<p><font style=\"vertical-align: inherit\"><font style=\"vertical-align: inherit\">Misiunea noastr\u0103 este de a oferi tuturor posibilitatea de a rec\u00e2\u0219tiga controlul asupra vie\u021bii lor financiare \u0219i profesionale prin intermediul unui con\u021binut util, practic \u0219i realist.<\/font><\/font><\/p>\n\n\n\n<p>Indiferent dac\u0103 economise\u0219ti pentru un proiect, explorezi lumea investi\u021biilor sau pur \u0219i simplu vrei s\u0103 te eliberezi dintr-un ciclu de cheltuieli nesf\u00e2r\u0219ite, \u00ee\u021bi oferim resurse fiabile \u0219i motivante. F\u0103r\u0103 promisiuni nerealiste, f\u0103r\u0103 exager\u0103ri de marketing - doar instrumente care te ajut\u0103 s\u0103 mergi mai departe \u00een ritmul t\u0103u.<\/p>\n\n\n\n<h2 class=\"wp-block-heading\">Ce ve\u021bi g\u0103si aici<\/h2>\n\n\n\n<p>Cre\u0103m con\u021binut conceput pentru a satisface nevoile reale ale oamenilor de ast\u0103zi, cu o abordare simpl\u0103, structurat\u0103 \u0219i orientat\u0103 spre ac\u021biune:<\/p>\n\n\n\n<h3 class=\"wp-block-heading\">Obiceiuri financiare zilnice<\/h3>\n\n\n\n<p>Metode practice pentru a-\u021bi gestiona mai bine veniturile, a limita cheltuielile inutile \u0219i a adopta obiceiuri zilnice s\u0103n\u0103toase.<\/p>\n\n\n\n<h3 class=\"wp-block-heading\">Strategii eficiente de economisire<\/h3>\n\n\n\n<p>Sfaturi pentru a-\u021bi construi un fond de urgen\u021b\u0103, a-\u021bi atinge obiectivele \u0219i a face economii regulate chiar \u0219i cu un buget mic.<\/p>\n\n\n\n<h3 class=\"wp-block-heading\">Investe\u0219te f\u0103r\u0103 stres<\/h3>\n\n\n\n<p>\u00ce\u021bi explic\u0103m elementele de baz\u0103 ale investi\u021biilor, precum \u0219i strategii pentru a-\u021bi cre\u0219te banii treptat \u0219i cu aten\u021bie.<\/p>\n\n\n\n<h3 class=\"wp-block-heading\">Recenzii ale produselor financiare<\/h3>\n\n\n\n<p>Recenzii oneste \u0219i independente ale aplica\u021biilor bancare, instrumentelor de bugetare, cardurilor bancare, conturilor de economii \u0219i platformelor de investi\u021bii.<\/p>\n\n\n\n<h3 class=\"wp-block-heading\">Tendin\u021be \u0219i \u0219tiri financiare<\/h3>\n\n\n\n<p>O interpretare clar\u0103 a evenimentelor economice actuale, a schimb\u0103rilor de politici \u0219i a noilor instrumente care v\u0103 pot influen\u021ba alegerile financiare.<\/p>\n\n\n\n<h2 class=\"wp-block-heading\">Abordarea noastr\u0103<\/h2>\n\n\n\n<p>La casa lui\/ei <strong>Ghidul Financiar<\/strong>Pre\u021buim independen\u021ba \u0219i transparen\u021ba. Tot con\u021binutul nostru este scris intern de o echip\u0103 de scriitori \u0219i cercet\u0103tori specializa\u021bi, f\u0103r\u0103 leg\u0103turi comerciale cu m\u0103rcile men\u021bionate.<\/p>\n\n\n\n<p>Credem c\u0103 educa\u021bia financiar\u0103 ar trebui s\u0103 fie simpl\u0103, accesibil\u0103 \u0219i orientat\u0103 spre emancipare. De aceea, punem pe primul loc claritatea, relevan\u021ba \u0219i respectarea ritmului fiec\u0103ruia - fie el \u00eencep\u0103tor sau experimentat.<\/p>\n\n\n\n<p>Scopul nostru nu este s\u0103 vindem. Este s\u0103 te ajut\u0103m s\u0103 \u00een\u021belegi mai bine op\u021biunile pe care le ai, s\u0103 pui \u00eentreb\u0103rile potrivite \u0219i s\u0103 construie\u0219ti un viitor financiar solid, pas cu pas.<\/p>","protected":false},"excerpt":{"rendered":"<p>LeGuideFinance este resursa ta principal\u0103 pentru a lua decizii financiare \u0219i profesionale informate. Oferim sfaturi simple \u0219i accesibile [\u2026]<\/p>","protected":false},"author":29,"featured_media":0,"parent":0,"menu_order":0,"comment_status":"closed","ping_status":"closed","template":"","meta":{"_uag_custom_page_level_css":"","site-sidebar-layout":"default","site-content-layout":"","ast-site-content-layout":"default","site-content-style":"default","site-sidebar-style":"default","ast-global-header-display":"","ast-banner-title-visibility":"","ast-main-header-display":"","ast-hfb-above-header-display":"","ast-hfb-below-header-display":"","ast-hfb-mobile-header-display":"","site-post-title":"","ast-breadcrumbs-content":"","ast-featured-img":"","footer-sml-layout":"","theme-transparent-header-meta":"","adv-header-id-meta":"","stick-header-meta":"","header-above-stick-meta":"","header-main-stick-meta":"","header-below-stick-meta":"","astra-migrate-meta-layouts":"set","ast-page-background-enabled":"default","ast-page-background-meta":{"desktop":{"background-color":"var(--ast-global-color-4)","background-image":"","background-repeat":"repeat","background-position":"center center","background-size":"auto","background-attachment":"scroll","background-type":"","background-media":"","overlay-type":"","overlay-color":"","overlay-opacity":"","overlay-gradient":""},"tablet":{"background-color":"","background-image":"","background-repeat":"repeat","background-position":"center center","background-size":"auto","background-attachment":"scroll","background-type":"","background-media":"","overlay-type":"","overlay-color":"","overlay-opacity":"","overlay-gradient":""},"mobile":{"background-color":"","background-image":"","background-repeat":"repeat","background-position":"center center","background-size":"auto","background-attachment":"scroll","background-type":"","background-media":"","overlay-type":"","overlay-color":"","overlay-opacity":"","overlay-gradient":""}},"ast-content-background-meta":{"desktop":{"background-color":"var(--ast-global-color-5)","background-image":"","background-repeat":"repeat","background-position":"center center","background-size":"auto","background-attachment":"scroll","background-type":"","background-media":"","overlay-type":"","overlay-color":"","overlay-opacity":"","overlay-gradient":""},"tablet":{"background-color":"var(--ast-global-color-5)","background-image":"","background-repeat":"repeat","background-position":"center center","background-size":"auto","background-attachment":"scroll","background-type":"","background-media":"","overlay-type":"","overlay-color":"","overlay-opacity":"","overlay-gradient":""},"mobile":{"background-color":"var(--ast-global-color-5)","background-image":"","background-repeat":"repeat","background-position":"center center","background-size":"auto","background-attachment":"scroll","background-type":"","background-media":"","overlay-type":"","overlay-color":"","overlay-opacity":"","overlay-gradient":""}},"footnotes":""},"yoast_head":"<!-- This site is optimized with the Yoast SEO plugin v23.3 - https:\/\/yoast.com\/wordpress\/plugins\/seo\/ -->\n<title>\u00c0 propos - LeGuideFinance<\/title>\n<meta name=\"robots\" content=\"index, follow, max-snippet:-1, max-image-preview:large, max-video-preview:-1\" \/>\n<link rel=\"canonical\" href=\"https:\/\/leguidefinance.fr\/ro\/about\/\" \/>\n<meta property=\"og:locale\" content=\"ro_RO\" \/>\n<meta property=\"og:type\" content=\"article\" \/>\n<meta property=\"og:title\" content=\"\u00c0 propos - LeGuideFinance\" \/>\n<meta property=\"og:description\" content=\"LeGuideFinance est votre r\u00e9f\u00e9rence pour prendre des d\u00e9cisions financi\u00e8res et professionnelles \u00e9clair\u00e9es. Nous vous proposons des conseils simples et accessibles [&hellip;]\" \/>\n<meta property=\"og:url\" content=\"https:\/\/leguidefinance.fr\/ro\/about\/\" \/>\n<meta property=\"og:site_name\" content=\"LeGuideFinance\" \/>\n<meta property=\"article:modified_time\" content=\"2025-07-21T15:33:31+00:00\" \/>\n<meta name=\"twitter:card\" content=\"summary_large_image\" \/>\n<meta name=\"twitter:label1\" content=\"Est. reading time\" \/>\n\t<meta name=\"twitter:data1\" content=\"3 minute\" \/>\n<script type=\"application\/ld+json\" class=\"yoast-schema-graph\">{\"@context\":\"https:\/\/schema.org\",\"@graph\":[{\"@type\":\"WebPage\",\"@id\":\"https:\/\/leguidefinance.fr\/about\/\",\"url\":\"https:\/\/leguidefinance.fr\/about\/\",\"name\":\"\u00c0 propos - LeGuideFinance\",\"isPartOf\":{\"@id\":\"https:\/\/leguidefinance.fr\/#website\"},\"datePublished\":\"2025-05-22T15:56:19+00:00\",\"dateModified\":\"2025-07-21T15:33:31+00:00\",\"breadcrumb\":{\"@id\":\"https:\/\/leguidefinance.fr\/about\/#breadcrumb\"},\"inLanguage\":\"ro-RO\",\"potentialAction\":[{\"@type\":\"ReadAction\",\"target\":[\"https:\/\/leguidefinance.fr\/about\/\"]}]},{\"@type\":\"BreadcrumbList\",\"@id\":\"https:\/\/leguidefinance.fr\/about\/#breadcrumb\",\"itemListElement\":[{\"@type\":\"ListItem\",\"position\":1,\"name\":\"Home\",\"item\":\"https:\/\/leguidefinance.fr\/\"},{\"@type\":\"ListItem\",\"position\":2,\"name\":\"\u00c0 propos\"}]},{\"@type\":\"WebSite\",\"@id\":\"https:\/\/leguidefinance.fr\/#website\",\"url\":\"https:\/\/leguidefinance.fr\/\",\"name\":\"LeGuideFinance\",\"description\":\"Comprendre. G\u00e9rer. Avancer.\",\"publisher\":{\"@id\":\"https:\/\/leguidefinance.fr\/#organization\"},\"potentialAction\":[{\"@type\":\"SearchAction\",\"target\":{\"@type\":\"EntryPoint\",\"urlTemplate\":\"https:\/\/leguidefinance.fr\/?s={search_term_string}\"},\"query-input\":\"required name=search_term_string\"}],\"inLanguage\":\"ro-RO\"},{\"@type\":\"Organization\",\"@id\":\"https:\/\/leguidefinance.fr\/#organization\",\"name\":\"LeGuideFinance\",\"url\":\"https:\/\/leguidefinance.fr\/\",\"logo\":{\"@type\":\"ImageObject\",\"inLanguage\":\"ro-RO\",\"@id\":\"https:\/\/leguidefinance.fr\/#\/schema\/logo\/image\/\",\"url\":\"https:\/\/leguidefinance.fr\/wp-content\/uploads\/sites\/279\/2025\/05\/Captura-de-tela-2025-05-22-182333.png\",\"contentUrl\":\"https:\/\/leguidefinance.fr\/wp-content\/uploads\/sites\/279\/2025\/05\/Captura-de-tela-2025-05-22-182333.png\",\"width\":320,\"height\":214,\"caption\":\"LeGuideFinance\"},\"image\":{\"@id\":\"https:\/\/leguidefinance.fr\/#\/schema\/logo\/image\/\"}}]}<\/script>\n<!-- \/ Yoast SEO plugin. -->","yoast_head_json":{"title":"\u00c0 propos - LeGuideFinance","robots":{"index":"index","follow":"follow","max-snippet":"max-snippet:-1","max-image-preview":"max-image-preview:large","max-video-preview":"max-video-preview:-1"},"canonical":"https:\/\/leguidefinance.fr\/ro\/about\/","og_locale":"ro_RO","og_type":"article","og_title":"\u00c0 propos - LeGuideFinance","og_description":"LeGuideFinance est votre r\u00e9f\u00e9rence pour prendre des d\u00e9cisions financi\u00e8res et professionnelles \u00e9clair\u00e9es. Nous vous proposons des conseils simples et accessibles [&hellip;]","og_url":"https:\/\/leguidefinance.fr\/ro\/about\/","og_site_name":"LeGuideFinance","article_modified_time":"2025-07-21T15:33:31+00:00","twitter_card":"summary_large_image","twitter_misc":{"Est. reading time":"3 minute"},"schema":{"@context":"https:\/\/schema.org","@graph":[{"@type":"WebPage","@id":"https:\/\/leguidefinance.fr\/about\/","url":"https:\/\/leguidefinance.fr\/about\/","name":"\u00c0 propos - LeGuideFinance","isPartOf":{"@id":"https:\/\/leguidefinance.fr\/#website"},"datePublished":"2025-05-22T15:56:19+00:00","dateModified":"2025-07-21T15:33:31+00:00","breadcrumb":{"@id":"https:\/\/leguidefinance.fr\/about\/#breadcrumb"},"inLanguage":"ro-RO","potentialAction":[{"@type":"ReadAction","target":["https:\/\/leguidefinance.fr\/about\/"]}]},{"@type":"BreadcrumbList","@id":"https:\/\/leguidefinance.fr\/about\/#breadcrumb","itemListElement":[{"@type":"ListItem","position":1,"name":"Home","item":"https:\/\/leguidefinance.fr\/"},{"@type":"ListItem","position":2,"name":"\u00c0 propos"}]},{"@type":"WebSite","@id":"https:\/\/leguidefinance.fr\/#website","url":"https:\/\/leguidefinance.fr\/","name":"LeGuideFinance","description":"Comprendre. G\u00e9rer. Avancer.","publisher":{"@id":"https:\/\/leguidefinance.fr\/#organization"},"potentialAction":[{"@type":"SearchAction","target":{"@type":"EntryPoint","urlTemplate":"https:\/\/leguidefinance.fr\/?s={search_term_string}"},"query-input":"required name=search_term_string"}],"inLanguage":"ro-RO"},{"@type":"Organization","@id":"https:\/\/leguidefinance.fr\/#organization","name":"LeGuideFinance","url":"https:\/\/leguidefinance.fr\/","logo":{"@type":"ImageObject","inLanguage":"ro-RO","@id":"https:\/\/leguidefinance.fr\/#\/schema\/logo\/image\/","url":"https:\/\/leguidefinance.fr\/wp-content\/uploads\/sites\/279\/2025\/05\/Captura-de-tela-2025-05-22-182333.png","contentUrl":"https:\/\/leguidefinance.fr\/wp-content\/uploads\/sites\/279\/2025\/05\/Captura-de-tela-2025-05-22-182333.png","width":320,"height":214,"caption":"LeGuideFinance"},"image":{"@id":"https:\/\/leguidefinance.fr\/#\/schema\/logo\/image\/"}}]}},"uagb_featured_image_src":{"full":false,"thumbnail":false,"medium":false,"medium_large":false,"large":false,"1536x1536":false,"2048x2048":false,"trp-custom-language-flag":false},"uagb_author_info":{"display_name":"Beatriz Vieira","author_link":"https:\/\/leguidefinance.fr\/ro\/author\/beatrizvieirasilva0504\/"},"uagb_comment_info":0,"uagb_excerpt":"LeGuideFinance est votre r\u00e9f\u00e9rence pour prendre des d\u00e9cisions financi\u00e8res et professionnelles \u00e9clair\u00e9es. Nous vous proposons des conseils simples et accessibles [&hellip;]","_links":{"self":[{"href":"https:\/\/leguidefinance.fr\/ro\/wp-json\/wp\/v2\/pages\/12"}],"collection":[{"href":"https:\/\/leguidefinance.fr\/ro\/wp-json\/wp\/v2\/pages"}],"about":[{"href":"https:\/\/leguidefinance.fr\/ro\/wp-json\/wp\/v2\/types\/page"}],"author":[{"embeddable":true,"href":"https:\/\/leguidefinance.fr\/ro\/wp-json\/wp\/v2\/users\/29"}],"replies":[{"embeddable":true,"href":"https:\/\/leguidefinance.fr\/ro\/wp-json\/wp\/v2\/comments?post=12"}],"version-history":[{"count":4,"href":"https:\/\/leguidefinance.fr\/ro\/wp-json\/wp\/v2\/pages\/12\/revisions"}],"predecessor-version":[{"id":688,"href":"https:\/\/leguidefinance.fr\/ro\/wp-json\/wp\/v2\/pages\/12\/revisions\/688"}],"wp:attachment":[{"href":"https:\/\/leguidefinance.fr\/ro\/wp-json\/wp\/v2\/media?parent=12"}],"curies":[{"name":"wp","href":"https:\/\/api.w.org\/{rel}","templated":true}]}}