{"id":12,"date":"2025-05-22T15:56:19","date_gmt":"2025-05-22T15:56:19","guid":{"rendered":"https:\/\/leguidefinance.fr\/?page_id=12"},"modified":"2025-07-21T15:33:31","modified_gmt":"2025-07-21T15:33:31","slug":"about","status":"publish","type":"page","link":"https:\/\/leguidefinance.fr\/es\/about\/","title":{"rendered":"Acerca de"},"content":{"rendered":"<p><strong>LeGuideFinance es su referencia para tomar decisiones financieras y profesionales informadas.<\/strong> Ofrecemos consejos sencillos y accesibles para ayudarte a administrar mejor tu dinero, aumentar tus ahorros, identificar oportunidades de inversi\u00f3n y evitar errores comunes. Tambi\u00e9n encontrar\u00e1s consejos pr\u00e1cticos para mejorar tu vida profesional, encontrar ideas de trabajo y aprovechar las oportunidades adecuadas, todo ello sin tecnicismos innecesarios.<\/p>\n\n\n\n<p>Con tanta informaci\u00f3n financiera disponible, es f\u00e1cil sentirse perdido. LeGuideFinance simplifica la educaci\u00f3n financiera y la formaci\u00f3n laboral, transformando temas complejos en consejos pr\u00e1cticos. Al reservar un vuelo largo, buscamos recuperar el control de nuestras finanzas en cada etapa del viaje.<\/p>\n\n\n\n<p>Presentamos herramientas, estrategias y noticias financieras, pero aclaremos una cosa: <strong>La Gu\u00eda Financiera<\/strong> No somos un banco, ni un asesor, ni una instituci\u00f3n financiera. No vendemos ning\u00fan producto; te ayudamos a comprenderlo.<\/p>\n\n\n\n<h2 class=\"wp-block-heading\">Nuestra misi\u00f3n<\/h2>\n\n\n\n<p><font style=\"vertical-align: inherit\"><font style=\"vertical-align: inherit\">Nuestra misi\u00f3n es capacitar a todos para recuperar el control de su vida financiera y profesional a trav\u00e9s de contenido \u00fatil, pr\u00e1ctico y realista.<\/font><\/font><\/p>\n\n\n\n<p>Ya sea que est\u00e9s ahorrando para un proyecto, explorando el mundo de las inversiones o simplemente buscando romper con el ciclo de gastos interminables, te ofrecemos recursos confiables y motivadores. Sin promesas irrealistas ni publicidad exagerada: solo herramientas para ayudarte a avanzar a tu propio ritmo.<\/p>\n\n\n\n<h2 class=\"wp-block-heading\">Lo que encontrar\u00e1s aqu\u00ed<\/h2>\n\n\n\n<p>Creamos contenidos dise\u00f1ados para satisfacer las necesidades reales de las personas de hoy, con un enfoque simple, estructurado y orientado a la acci\u00f3n:<\/p>\n\n\n\n<h3 class=\"wp-block-heading\">H\u00e1bitos financieros diarios<\/h3>\n\n\n\n<p>M\u00e9todos pr\u00e1cticos para administrar mejor tus ingresos, limitar gastos innecesarios y adoptar h\u00e1bitos diarios saludables.<\/p>\n\n\n\n<h3 class=\"wp-block-heading\">Estrategias de ahorro eficaces<\/h3>\n\n\n\n<p>Consejos para crear un fondo de emergencia, alcanzar tus metas y adoptar ahorros regulares incluso con un presupuesto peque\u00f1o.<\/p>\n\n\n\n<h3 class=\"wp-block-heading\">Invierte sin estr\u00e9s<\/h3>\n\n\n\n<p>Te explicamos los conceptos b\u00e1sicos de la inversi\u00f3n, as\u00ed como estrategias para hacer crecer tu dinero de forma gradual y reflexiva.<\/p>\n\n\n\n<h3 class=\"wp-block-heading\">Rese\u00f1as de productos financieros<\/h3>\n\n\n\n<p>Rese\u00f1as honestas e independientes de aplicaciones bancarias, herramientas de presupuesto, tarjetas bancarias, cuentas de ahorro y plataformas de inversi\u00f3n.<\/p>\n\n\n\n<h3 class=\"wp-block-heading\">Tendencias y noticias financieras<\/h3>\n\n\n\n<p>Una lectura clara de los acontecimientos econ\u00f3micos actuales, los cambios de pol\u00edticas y las nuevas herramientas que pueden influir en sus decisiones financieras.<\/p>\n\n\n\n<h2 class=\"wp-block-heading\">Nuestro enfoque<\/h2>\n\n\n\n<p>En la casa de <strong>La Gu\u00eda Financiera<\/strong>Valoramos la independencia y la transparencia. Todo nuestro contenido es elaborado internamente por un equipo de redactores e investigadores especializados, sin v\u00ednculos comerciales con las marcas mencionadas.<\/p>\n\n\n\n<p>Creemos que la educaci\u00f3n financiera debe ser sencilla, accesible y orientada al empoderamiento. Por eso priorizamos la claridad, la relevancia y el respeto al ritmo de cada persona, ya sea principiante o con experiencia.<\/p>\n\n\n\n<p>Nuestro objetivo no es vender. Es ayudarle a comprender mejor sus opciones, hacer las preguntas correctas y construir un futuro financiero s\u00f3lido, paso a paso.<\/p>","protected":false},"excerpt":{"rendered":"<p>LeGuideFinance es tu recurso de referencia para tomar decisiones financieras y profesionales informadas. Ofrecemos asesoramiento sencillo y accesible [\u2026]<\/p>","protected":false},"author":29,"featured_media":0,"parent":0,"menu_order":0,"comment_status":"closed","ping_status":"closed","template":"","meta":{"_uag_custom_page_level_css":"","site-sidebar-layout":"default","site-content-layout":"","ast-site-content-layout":"default","site-content-style":"default","site-sidebar-style":"default","ast-global-header-display":"","ast-banner-title-visibility":"","ast-main-header-display":"","ast-hfb-above-header-display":"","ast-hfb-below-header-display":"","ast-hfb-mobile-header-display":"","site-post-title":"","ast-breadcrumbs-content":"","ast-featured-img":"","footer-sml-layout":"","theme-transparent-header-meta":"","adv-header-id-meta":"","stick-header-meta":"","header-above-stick-meta":"","header-main-stick-meta":"","header-below-stick-meta":"","astra-migrate-meta-layouts":"set","ast-page-background-enabled":"default","ast-page-background-meta":{"desktop":{"background-color":"var(--ast-global-color-4)","background-image":"","background-repeat":"repeat","background-position":"center center","background-size":"auto","background-attachment":"scroll","background-type":"","background-media":"","overlay-type":"","overlay-color":"","overlay-opacity":"","overlay-gradient":""},"tablet":{"background-color":"","background-image":"","background-repeat":"repeat","background-position":"center center","background-size":"auto","background-attachment":"scroll","background-type":"","background-media":"","overlay-type":"","overlay-color":"","overlay-opacity":"","overlay-gradient":""},"mobile":{"background-color":"","background-image":"","background-repeat":"repeat","background-position":"center center","background-size":"auto","background-attachment":"scroll","background-type":"","background-media":"","overlay-type":"","overlay-color":"","overlay-opacity":"","overlay-gradient":""}},"ast-content-background-meta":{"desktop":{"background-color":"var(--ast-global-color-5)","background-image":"","background-repeat":"repeat","background-position":"center center","background-size":"auto","background-attachment":"scroll","background-type":"","background-media":"","overlay-type":"","overlay-color":"","overlay-opacity":"","overlay-gradient":""},"tablet":{"background-color":"var(--ast-global-color-5)","background-image":"","background-repeat":"repeat","background-position":"center center","background-size":"auto","background-attachment":"scroll","background-type":"","background-media":"","overlay-type":"","overlay-color":"","overlay-opacity":"","overlay-gradient":""},"mobile":{"background-color":"var(--ast-global-color-5)","background-image":"","background-repeat":"repeat","background-position":"center center","background-size":"auto","background-attachment":"scroll","background-type":"","background-media":"","overlay-type":"","overlay-color":"","overlay-opacity":"","overlay-gradient":""}},"footnotes":""},"yoast_head":"<!-- This site is optimized with the Yoast SEO plugin v23.3 - https:\/\/yoast.com\/wordpress\/plugins\/seo\/ -->\n<title>\u00c0 propos - LeGuideFinance<\/title>\n<meta name=\"robots\" content=\"index, follow, max-snippet:-1, max-image-preview:large, max-video-preview:-1\" \/>\n<link rel=\"canonical\" href=\"https:\/\/leguidefinance.fr\/es\/about\/\" \/>\n<meta property=\"og:locale\" content=\"es_ES\" \/>\n<meta property=\"og:type\" content=\"article\" \/>\n<meta property=\"og:title\" content=\"\u00c0 propos - LeGuideFinance\" \/>\n<meta property=\"og:description\" content=\"LeGuideFinance est votre r\u00e9f\u00e9rence pour prendre des d\u00e9cisions financi\u00e8res et professionnelles \u00e9clair\u00e9es. Nous vous proposons des conseils simples et accessibles [&hellip;]\" \/>\n<meta property=\"og:url\" content=\"https:\/\/leguidefinance.fr\/es\/about\/\" \/>\n<meta property=\"og:site_name\" content=\"LeGuideFinance\" \/>\n<meta property=\"article:modified_time\" content=\"2025-07-21T15:33:31+00:00\" \/>\n<meta name=\"twitter:card\" content=\"summary_large_image\" \/>\n<meta name=\"twitter:label1\" content=\"Est. reading time\" \/>\n\t<meta name=\"twitter:data1\" content=\"3 minutos\" \/>\n<script type=\"application\/ld+json\" class=\"yoast-schema-graph\">{\"@context\":\"https:\/\/schema.org\",\"@graph\":[{\"@type\":\"WebPage\",\"@id\":\"https:\/\/leguidefinance.fr\/about\/\",\"url\":\"https:\/\/leguidefinance.fr\/about\/\",\"name\":\"\u00c0 propos - LeGuideFinance\",\"isPartOf\":{\"@id\":\"https:\/\/leguidefinance.fr\/#website\"},\"datePublished\":\"2025-05-22T15:56:19+00:00\",\"dateModified\":\"2025-07-21T15:33:31+00:00\",\"breadcrumb\":{\"@id\":\"https:\/\/leguidefinance.fr\/about\/#breadcrumb\"},\"inLanguage\":\"es-CR\",\"potentialAction\":[{\"@type\":\"ReadAction\",\"target\":[\"https:\/\/leguidefinance.fr\/about\/\"]}]},{\"@type\":\"BreadcrumbList\",\"@id\":\"https:\/\/leguidefinance.fr\/about\/#breadcrumb\",\"itemListElement\":[{\"@type\":\"ListItem\",\"position\":1,\"name\":\"Home\",\"item\":\"https:\/\/leguidefinance.fr\/\"},{\"@type\":\"ListItem\",\"position\":2,\"name\":\"\u00c0 propos\"}]},{\"@type\":\"WebSite\",\"@id\":\"https:\/\/leguidefinance.fr\/#website\",\"url\":\"https:\/\/leguidefinance.fr\/\",\"name\":\"LeGuideFinance\",\"description\":\"Comprendre. G\u00e9rer. Avancer.\",\"publisher\":{\"@id\":\"https:\/\/leguidefinance.fr\/#organization\"},\"potentialAction\":[{\"@type\":\"SearchAction\",\"target\":{\"@type\":\"EntryPoint\",\"urlTemplate\":\"https:\/\/leguidefinance.fr\/?s={search_term_string}\"},\"query-input\":\"required name=search_term_string\"}],\"inLanguage\":\"es-CR\"},{\"@type\":\"Organization\",\"@id\":\"https:\/\/leguidefinance.fr\/#organization\",\"name\":\"LeGuideFinance\",\"url\":\"https:\/\/leguidefinance.fr\/\",\"logo\":{\"@type\":\"ImageObject\",\"inLanguage\":\"es-CR\",\"@id\":\"https:\/\/leguidefinance.fr\/#\/schema\/logo\/image\/\",\"url\":\"https:\/\/leguidefinance.fr\/wp-content\/uploads\/sites\/279\/2025\/05\/Captura-de-tela-2025-05-22-182333.png\",\"contentUrl\":\"https:\/\/leguidefinance.fr\/wp-content\/uploads\/sites\/279\/2025\/05\/Captura-de-tela-2025-05-22-182333.png\",\"width\":320,\"height\":214,\"caption\":\"LeGuideFinance\"},\"image\":{\"@id\":\"https:\/\/leguidefinance.fr\/#\/schema\/logo\/image\/\"}}]}<\/script>\n<!-- \/ Yoast SEO plugin. -->","yoast_head_json":{"title":"\u00c0 propos - LeGuideFinance","robots":{"index":"index","follow":"follow","max-snippet":"max-snippet:-1","max-image-preview":"max-image-preview:large","max-video-preview":"max-video-preview:-1"},"canonical":"https:\/\/leguidefinance.fr\/es\/about\/","og_locale":"es_ES","og_type":"article","og_title":"\u00c0 propos - LeGuideFinance","og_description":"LeGuideFinance est votre r\u00e9f\u00e9rence pour prendre des d\u00e9cisions financi\u00e8res et professionnelles \u00e9clair\u00e9es. Nous vous proposons des conseils simples et accessibles [&hellip;]","og_url":"https:\/\/leguidefinance.fr\/es\/about\/","og_site_name":"LeGuideFinance","article_modified_time":"2025-07-21T15:33:31+00:00","twitter_card":"summary_large_image","twitter_misc":{"Est. reading time":"3 minutos"},"schema":{"@context":"https:\/\/schema.org","@graph":[{"@type":"WebPage","@id":"https:\/\/leguidefinance.fr\/about\/","url":"https:\/\/leguidefinance.fr\/about\/","name":"\u00c0 propos - LeGuideFinance","isPartOf":{"@id":"https:\/\/leguidefinance.fr\/#website"},"datePublished":"2025-05-22T15:56:19+00:00","dateModified":"2025-07-21T15:33:31+00:00","breadcrumb":{"@id":"https:\/\/leguidefinance.fr\/about\/#breadcrumb"},"inLanguage":"es-CR","potentialAction":[{"@type":"ReadAction","target":["https:\/\/leguidefinance.fr\/about\/"]}]},{"@type":"BreadcrumbList","@id":"https:\/\/leguidefinance.fr\/about\/#breadcrumb","itemListElement":[{"@type":"ListItem","position":1,"name":"Home","item":"https:\/\/leguidefinance.fr\/"},{"@type":"ListItem","position":2,"name":"\u00c0 propos"}]},{"@type":"WebSite","@id":"https:\/\/leguidefinance.fr\/#website","url":"https:\/\/leguidefinance.fr\/","name":"LeGuideFinance","description":"Comprendre. G\u00e9rer. Avancer.","publisher":{"@id":"https:\/\/leguidefinance.fr\/#organization"},"potentialAction":[{"@type":"SearchAction","target":{"@type":"EntryPoint","urlTemplate":"https:\/\/leguidefinance.fr\/?s={search_term_string}"},"query-input":"required name=search_term_string"}],"inLanguage":"es-CR"},{"@type":"Organization","@id":"https:\/\/leguidefinance.fr\/#organization","name":"LeGuideFinance","url":"https:\/\/leguidefinance.fr\/","logo":{"@type":"ImageObject","inLanguage":"es-CR","@id":"https:\/\/leguidefinance.fr\/#\/schema\/logo\/image\/","url":"https:\/\/leguidefinance.fr\/wp-content\/uploads\/sites\/279\/2025\/05\/Captura-de-tela-2025-05-22-182333.png","contentUrl":"https:\/\/leguidefinance.fr\/wp-content\/uploads\/sites\/279\/2025\/05\/Captura-de-tela-2025-05-22-182333.png","width":320,"height":214,"caption":"LeGuideFinance"},"image":{"@id":"https:\/\/leguidefinance.fr\/#\/schema\/logo\/image\/"}}]}},"uagb_featured_image_src":{"full":false,"thumbnail":false,"medium":false,"medium_large":false,"large":false,"1536x1536":false,"2048x2048":false,"trp-custom-language-flag":false},"uagb_author_info":{"display_name":"Beatriz Vieira","author_link":"https:\/\/leguidefinance.fr\/es\/author\/beatrizvieirasilva0504\/"},"uagb_comment_info":0,"uagb_excerpt":"LeGuideFinance est votre r\u00e9f\u00e9rence pour prendre des d\u00e9cisions financi\u00e8res et professionnelles \u00e9clair\u00e9es. Nous vous proposons des conseils simples et accessibles [&hellip;]","_links":{"self":[{"href":"https:\/\/leguidefinance.fr\/es\/wp-json\/wp\/v2\/pages\/12"}],"collection":[{"href":"https:\/\/leguidefinance.fr\/es\/wp-json\/wp\/v2\/pages"}],"about":[{"href":"https:\/\/leguidefinance.fr\/es\/wp-json\/wp\/v2\/types\/page"}],"author":[{"embeddable":true,"href":"https:\/\/leguidefinance.fr\/es\/wp-json\/wp\/v2\/users\/29"}],"replies":[{"embeddable":true,"href":"https:\/\/leguidefinance.fr\/es\/wp-json\/wp\/v2\/comments?post=12"}],"version-history":[{"count":4,"href":"https:\/\/leguidefinance.fr\/es\/wp-json\/wp\/v2\/pages\/12\/revisions"}],"predecessor-version":[{"id":688,"href":"https:\/\/leguidefinance.fr\/es\/wp-json\/wp\/v2\/pages\/12\/revisions\/688"}],"wp:attachment":[{"href":"https:\/\/leguidefinance.fr\/es\/wp-json\/wp\/v2\/media?parent=12"}],"curies":[{"name":"wp","href":"https:\/\/api.w.org\/{rel}","templated":true}]}}